{"id":1407,"date":"2020-09-29T17:43:46","date_gmt":"2020-09-29T17:43:46","guid":{"rendered":"http:\/\/www.crimt.net\/?page_id=1407"},"modified":"2026-02-23T13:10:30","modified_gmt":"2026-02-23T13:10:30","slug":"professionel-le-s","status":"publish","type":"page","link":"https:\/\/www.crimt.net\/en\/professionel-le-s\/","title":{"rendered":"Professionals"},"content":{"rendered":"\n<div style=\"height:30px\" aria-hidden=\"true\" class=\"wp-block-spacer\"><\/div>\n\n\n\n<div class=\"wp-block-columns is-layout-flex wp-container-core-columns-is-layout-9d6595d7 wp-block-columns-is-layout-flex\">\n<div class=\"wp-block-column is-vertically-aligned-top is-layout-flow wp-block-column-is-layout-flow\" style=\"flex-basis:25%\"><div class=\"wp-block-image is-resized\">\n<figure class=\"aligncenter size-full\"><img loading=\"lazy\" decoding=\"async\" width=\"1138\" height=\"1138\" src=\"https:\/\/www.crimt.net\/wp-content\/uploads\/2026\/02\/Boulet.png\" alt=\"\" class=\"wp-image-22092\" style=\"object-fit:contain;width:175px;height:175px\" srcset=\"https:\/\/www.crimt.net\/wp-content\/uploads\/2026\/02\/Boulet.png 1138w, https:\/\/www.crimt.net\/wp-content\/uploads\/2026\/02\/Boulet-300x300.png 300w, https:\/\/www.crimt.net\/wp-content\/uploads\/2026\/02\/Boulet-1024x1024.png 1024w, https:\/\/www.crimt.net\/wp-content\/uploads\/2026\/02\/Boulet-150x150.png 150w, https:\/\/www.crimt.net\/wp-content\/uploads\/2026\/02\/Boulet-768x768.png 768w, https:\/\/www.crimt.net\/wp-content\/uploads\/2026\/02\/Boulet-795x795.png 795w, https:\/\/www.crimt.net\/wp-content\/uploads\/2026\/02\/Boulet-360x360.png 360w\" sizes=\"auto, (max-width: 1138px) 100vw, 1138px\" \/><\/figure>\n<\/div>\n\n\n<div style=\"height:20px\" aria-hidden=\"true\" class=\"wp-block-spacer\"><\/div>\n\n\n<p class=\"fonts-plugin-block \" style=\"font-size: 13px;text-align: center\"><strong><strong>S<strong>Johannie\u00a0Boulet<\/strong><\/strong><br><\/strong>Activity Coordinator<br>Universit\u00e9 Laval<br><span style=\"text-decoration: underline\"><a href=\"mailto:johannie.boulet@rlt.ulaval.ca\" data-type=\"mailto\" data-id=\"mailto:johannie.boulet@rlt.ulaval.ca\">Email<\/a><\/span><\/p><\/div>\n\n\n\n<div class=\"wp-block-column is-vertically-aligned-top is-layout-flow wp-block-column-is-layout-flow\" style=\"flex-basis:25%\"><div class=\"wp-block-image is-resized\">\n<figure class=\"aligncenter size-full\"><img loading=\"lazy\" decoding=\"async\" width=\"865\" height=\"865\" src=\"https:\/\/www.crimt.net\/wp-content\/uploads\/2025\/08\/Cardona3.png\" alt=\"\" class=\"wp-image-21761\" style=\"object-fit:contain;width:175px;height:175px\" srcset=\"https:\/\/www.crimt.net\/wp-content\/uploads\/2025\/08\/Cardona3.png 865w, https:\/\/www.crimt.net\/wp-content\/uploads\/2025\/08\/Cardona3-300x300.png 300w, https:\/\/www.crimt.net\/wp-content\/uploads\/2025\/08\/Cardona3-150x150.png 150w, https:\/\/www.crimt.net\/wp-content\/uploads\/2025\/08\/Cardona3-768x768.png 768w, https:\/\/www.crimt.net\/wp-content\/uploads\/2025\/08\/Cardona3-795x795.png 795w, https:\/\/www.crimt.net\/wp-content\/uploads\/2025\/08\/Cardona3-360x360.png 360w\" sizes=\"auto, (max-width: 865px) 100vw, 865px\" \/><\/figure>\n<\/div>\n\n\n<div style=\"height:20px\" aria-hidden=\"true\" class=\"wp-block-spacer\"><\/div>\n\n\n<p class=\"fonts-plugin-block \" style=\"font-size: 13px;text-align: center\"><strong><strong>Soledad Cardona-Maldonado<\/strong><br><\/strong>Administrative Coordinator<br>University of Montreal<br><span style=\"text-decoration: underline\"><a href=\"mailto:soledad.cardona-maldonado@umontreal.ca\">E<\/a><\/span><span style=\"text-decoration: underline\"><a href=\"mailto:soledad.cardona-maldonado@umontreal.ca\">m<\/a><\/span><span style=\"text-decoration: underline\"><a href=\"mailto:soledad.cardona-maldonado@umontreal.ca\">a<\/a><\/span><span style=\"text-decoration: underline\"><a href=\"mailto:soledad.cardona-maldonado@umontreal.ca\">i<\/a><\/span><a href=\"mailto:soledad.cardona-maldonado@umontreal.ca\"><span style=\"text-decoration: underline\">l<\/span><\/a><\/p><\/div>\n\n\n\n<div class=\"wp-block-column is-layout-flow wp-block-column-is-layout-flow\" style=\"flex-basis:25%\"><div class=\"wp-block-image is-resized\">\n<figure class=\"aligncenter size-full\"><img loading=\"lazy\" decoding=\"async\" width=\"900\" height=\"898\" src=\"https:\/\/www.crimt.net\/wp-content\/uploads\/2025\/08\/Jacques3.png\" alt=\"\" class=\"wp-image-21763\" style=\"object-fit:contain;width:175px;height:175px\" srcset=\"https:\/\/www.crimt.net\/wp-content\/uploads\/2025\/08\/Jacques3.png 900w, https:\/\/www.crimt.net\/wp-content\/uploads\/2025\/08\/Jacques3-300x300.png 300w, https:\/\/www.crimt.net\/wp-content\/uploads\/2025\/08\/Jacques3-150x150.png 150w, https:\/\/www.crimt.net\/wp-content\/uploads\/2025\/08\/Jacques3-768x766.png 768w, https:\/\/www.crimt.net\/wp-content\/uploads\/2025\/08\/Jacques3-795x793.png 795w, https:\/\/www.crimt.net\/wp-content\/uploads\/2025\/08\/Jacques3-360x360.png 360w\" sizes=\"auto, (max-width: 900px) 100vw, 900px\" \/><\/figure>\n<\/div>\n\n\n<div style=\"height:20px\" aria-hidden=\"true\" class=\"wp-block-spacer\"><\/div>\n\n\n\n<p class=\"has-text-align-center has-black-color has-text-color\" style=\"font-size:13px\"><strong><strong>Francine Jacques<\/strong><br><\/strong>Activity Coordinator<br>Universit\u00e9 Laval<br><mark style=\"background-color:rgba(0, 0, 0, 0)\" class=\"has-inline-color has-black-color\"><span style=\"text-decoration: underline;\"><a href=\"mailto:Francine.Jacques@rlt.ulaval.ca\">Email<\/a><\/span><\/mark><\/p>\n<\/div>\n\n\n\n<div class=\"wp-block-column is-layout-flow wp-block-column-is-layout-flow\" style=\"flex-basis:25%\"><div class=\"wp-block-image is-resized is-style-default\">\n<figure class=\"aligncenter size-full\"><img loading=\"lazy\" decoding=\"async\" width=\"1004\" height=\"1004\" src=\"https:\/\/www.crimt.net\/wp-content\/uploads\/2025\/10\/Helene_G.png\" alt=\"\" class=\"wp-image-21867\" style=\"object-fit:contain;width:175px;height:175px\" srcset=\"https:\/\/www.crimt.net\/wp-content\/uploads\/2025\/10\/Helene_G.png 1004w, https:\/\/www.crimt.net\/wp-content\/uploads\/2025\/10\/Helene_G-300x300.png 300w, https:\/\/www.crimt.net\/wp-content\/uploads\/2025\/10\/Helene_G-150x150.png 150w, https:\/\/www.crimt.net\/wp-content\/uploads\/2025\/10\/Helene_G-768x768.png 768w, https:\/\/www.crimt.net\/wp-content\/uploads\/2025\/10\/Helene_G-795x795.png 795w, https:\/\/www.crimt.net\/wp-content\/uploads\/2025\/10\/Helene_G-360x360.png 360w\" sizes=\"auto, (max-width: 1004px) 100vw, 1004px\" \/><\/figure>\n<\/div>\n\n\n<div style=\"height:20px\" aria-hidden=\"true\" class=\"wp-block-spacer\"><\/div>\n\n\n\n<p class=\"has-text-align-center has-black-color has-text-color\" style=\"font-size:13px\"><strong><strong><mark style=\"background-color:rgba(0, 0, 0, 0)\" class=\"has-inline-color has-black-color\"><strong>H\u00e9l\u00e8ne Ganzmann<\/strong><br><\/mark><\/strong><\/strong>Communications Officer<br>University of Montreal<br><span style=\"text-decoration: underline;\"><a href=\"mailto:helene.ganzmann@umontreal.ca\">Email<\/a><\/span><\/p>\n<\/div>\n<\/div>\n\n\n\n<div class=\"wp-block-columns is-layout-flex wp-container-core-columns-is-layout-9d6595d7 wp-block-columns-is-layout-flex\">\n<div class=\"wp-block-column is-layout-flow wp-block-column-is-layout-flow\" style=\"flex-basis:25%\"><div class=\"wp-block-image is-resized is-style-default\">\n<figure class=\"aligncenter size-full\"><img loading=\"lazy\" decoding=\"async\" width=\"640\" height=\"640\" src=\"https:\/\/www.crimt.net\/wp-content\/uploads\/2021\/08\/Hagan.png\" alt=\"\" class=\"wp-image-10337\" style=\"object-fit:contain;width:175px;height:175px\" srcset=\"https:\/\/www.crimt.net\/wp-content\/uploads\/2021\/08\/Hagan.png 640w, https:\/\/www.crimt.net\/wp-content\/uploads\/2021\/08\/Hagan-300x300.png 300w, https:\/\/www.crimt.net\/wp-content\/uploads\/2021\/08\/Hagan-150x150.png 150w, https:\/\/www.crimt.net\/wp-content\/uploads\/2021\/08\/Hagan-360x360.png 360w\" sizes=\"auto, (max-width: 640px) 100vw, 640px\" \/><\/figure>\n<\/div>\n\n\n<div style=\"height:20px\" aria-hidden=\"true\" class=\"wp-block-spacer\"><\/div>\n\n\n\n<p class=\"has-text-align-center has-black-color has-text-color\" style=\"font-size:13px\"><strong><strong><strong>Julie Hagan<\/strong><\/strong><br><\/strong>Research Professional<br>University of Montreal<br><span style=\"text-decoration: underline;\"><a href=\"mailto:julie.hagan@umontreal.ca\">E<\/a><\/span><span style=\"text-decoration: underline;\"><a href=\"mailto:julie.hagan@umontreal.ca\">m<\/a><\/span><span style=\"text-decoration: underline;\"><a href=\"mailto:julie.hagan@umontreal.ca\">a<\/a><\/span><span style=\"text-decoration: underline;\"><a href=\"mailto:julie.hagan@umontreal.ca\">i<\/a><\/span><a href=\"mailto:julie.hagan@umontreal.ca\"><span style=\"text-decoration: underline;\">l<\/span><\/a><\/p>\n<\/div>\n\n\n\n<div class=\"wp-block-column is-layout-flow wp-block-column-is-layout-flow\" style=\"flex-basis:25%\"><div class=\"wp-block-image is-resized is-style-default\">\n<figure class=\"aligncenter size-full\"><img loading=\"lazy\" decoding=\"async\" width=\"533\" height=\"533\" src=\"https:\/\/www.crimt.net\/wp-content\/uploads\/2025\/08\/Richard2.png\" alt=\"\" class=\"wp-image-21756\" style=\"object-fit:contain;width:175px;height:175px\" srcset=\"https:\/\/www.crimt.net\/wp-content\/uploads\/2025\/08\/Richard2.png 533w, https:\/\/www.crimt.net\/wp-content\/uploads\/2025\/08\/Richard2-300x300.png 300w, https:\/\/www.crimt.net\/wp-content\/uploads\/2025\/08\/Richard2-150x150.png 150w, https:\/\/www.crimt.net\/wp-content\/uploads\/2025\/08\/Richard2-360x360.png 360w\" sizes=\"auto, (max-width: 533px) 100vw, 533px\" \/><\/figure>\n<\/div>\n\n\n<div style=\"height:20px\" aria-hidden=\"true\" class=\"wp-block-spacer\"><\/div>\n\n\n\n<p class=\"has-text-align-center has-black-color has-text-color\" style=\"font-size:13px\"><strong><strong><mark style=\"background-color:rgba(0, 0, 0, 0)\" class=\"has-inline-color has-black-color\"><strong>Genevi\u00e8ve Richard<\/strong><br><\/mark><\/strong><\/strong>Research Professional<br>Universit\u00e9 de Montr\u00e9al<br><span style=\"text-decoration: underline;\"><a href=\"mailto:genevieve.richard.3@umontreal.ca\">Email<\/a><\/span><\/p>\n<\/div>\n\n\n\n<div class=\"wp-block-column is-layout-flow wp-block-column-is-layout-flow\" style=\"flex-basis:25%\"><div class=\"wp-block-image is-resized is-style-default\">\n<figure class=\"aligncenter size-large\"><img loading=\"lazy\" decoding=\"async\" width=\"1024\" height=\"1024\" src=\"https:\/\/www.crimt.net\/wp-content\/uploads\/2024\/11\/RobyN-1024x1024.png\" alt=\"\" class=\"wp-image-18458\" style=\"object-fit:contain;width:175px;height:175px\" srcset=\"https:\/\/www.crimt.net\/wp-content\/uploads\/2024\/11\/RobyN-1024x1024.png 1024w, https:\/\/www.crimt.net\/wp-content\/uploads\/2024\/11\/RobyN-300x300.png 300w, https:\/\/www.crimt.net\/wp-content\/uploads\/2024\/11\/RobyN-150x150.png 150w, https:\/\/www.crimt.net\/wp-content\/uploads\/2024\/11\/RobyN-768x768.png 768w, https:\/\/www.crimt.net\/wp-content\/uploads\/2024\/11\/RobyN-1536x1536.png 1536w, https:\/\/www.crimt.net\/wp-content\/uploads\/2024\/11\/RobyN-2048x2048.png 2048w, https:\/\/www.crimt.net\/wp-content\/uploads\/2024\/11\/RobyN-795x795.png 795w, https:\/\/www.crimt.net\/wp-content\/uploads\/2024\/11\/RobyN-360x360.png 360w\" sizes=\"auto, (max-width: 1024px) 100vw, 1024px\" \/><\/figure>\n<\/div>\n\n\n<div style=\"height:20px\" aria-hidden=\"true\" class=\"wp-block-spacer\"><\/div>\n\n\n\n<p class=\"has-text-align-center has-black-color has-text-color\" style=\"font-size:13px\"><strong><strong><mark style=\"background-color:rgba(0, 0, 0, 0)\" class=\"has-inline-color has-black-color\"><strong>Nicolas Roby<\/strong><br><\/mark><\/strong><\/strong>Senior Research Advisor<br>University of Montreal<br><span style=\"text-decoration: underline;\"><a href=\"mailto:nicolas.roby@umontreal.ca\">E<\/a><\/span><span style=\"text-decoration: underline;\"><a href=\"mailto:nicolas.roby@umontreal.ca\">m<\/a><\/span><span style=\"text-decoration: underline;\"><a href=\"mailto:nicolas.roby@umontreal.ca\">a<\/a><\/span><span style=\"text-decoration: underline;\"><a href=\"mailto:nicolas.roby@umontreal.ca\">i<\/a><\/span><a href=\"mailto:nicolas.roby@umontreal.ca\"><span style=\"text-decoration: underline;\">l<\/span><\/a><\/p>\n<\/div>\n\n\n\n<div class=\"wp-block-column is-layout-flow wp-block-column-is-layout-flow\" style=\"flex-basis:25%\"><\/div>\n<\/div>\n\n\n\n<p><\/p>\n","protected":false},"excerpt":{"rendered":"<p>Francine JacquesActivity CoordinatorUniversit\u00e9 LavalEmail H\u00e9l\u00e8ne [&hellip;]<\/p>\n","protected":false},"author":1,"featured_media":0,"parent":0,"menu_order":0,"comment_status":"closed","ping_status":"closed","template":"page-templates\/template_fullwidth.php","meta":{"footnotes":""},"class_list":["post-1407","page","type-page","status-publish","hentry"],"_links":{"self":[{"href":"https:\/\/www.crimt.net\/en\/wp-json\/wp\/v2\/pages\/1407","targetHints":{"allow":["GET"]}}],"collection":[{"href":"https:\/\/www.crimt.net\/en\/wp-json\/wp\/v2\/pages"}],"about":[{"href":"https:\/\/www.crimt.net\/en\/wp-json\/wp\/v2\/types\/page"}],"author":[{"embeddable":true,"href":"https:\/\/www.crimt.net\/en\/wp-json\/wp\/v2\/users\/1"}],"replies":[{"embeddable":true,"href":"https:\/\/www.crimt.net\/en\/wp-json\/wp\/v2\/comments?post=1407"}],"version-history":[{"count":31,"href":"https:\/\/www.crimt.net\/en\/wp-json\/wp\/v2\/pages\/1407\/revisions"}],"predecessor-version":[{"id":22095,"href":"https:\/\/www.crimt.net\/en\/wp-json\/wp\/v2\/pages\/1407\/revisions\/22095"}],"wp:attachment":[{"href":"https:\/\/www.crimt.net\/en\/wp-json\/wp\/v2\/media?parent=1407"}],"curies":[{"name":"wp","href":"https:\/\/api.w.org\/{rel}","templated":true}]}}