{"id":15973,"date":"2023-04-04T16:46:01","date_gmt":"2023-04-04T16:46:01","guid":{"rendered":"http:\/\/www.crimt.net\/la-bourse-shirley-goldenberg\/"},"modified":"2025-12-08T14:34:06","modified_gmt":"2025-12-08T14:34:06","slug":"la-bourse-shirley-goldenberg","status":"publish","type":"page","link":"https:\/\/www.crimt.net\/en\/la-bourse-shirley-goldenberg\/","title":{"rendered":""},"content":{"rendered":"\n<div style=\"height:30px\" aria-hidden=\"true\" class=\"wp-block-spacer\"><\/div>\n\n\n\n<figure class=\"wp-block-image size-full\"><img loading=\"lazy\" decoding=\"async\" width=\"2162\" height=\"438\" src=\"https:\/\/www.crimt.net\/wp-content\/uploads\/2025\/08\/top_gol-eng.png\" alt=\"\" class=\"wp-image-21663\" srcset=\"https:\/\/www.crimt.net\/wp-content\/uploads\/2025\/08\/top_gol-eng.png 2162w, https:\/\/www.crimt.net\/wp-content\/uploads\/2025\/08\/top_gol-eng-300x61.png 300w, https:\/\/www.crimt.net\/wp-content\/uploads\/2025\/08\/top_gol-eng-1024x207.png 1024w, https:\/\/www.crimt.net\/wp-content\/uploads\/2025\/08\/top_gol-eng-768x156.png 768w, https:\/\/www.crimt.net\/wp-content\/uploads\/2025\/08\/top_gol-eng-1536x311.png 1536w, https:\/\/www.crimt.net\/wp-content\/uploads\/2025\/08\/top_gol-eng-2048x415.png 2048w, https:\/\/www.crimt.net\/wp-content\/uploads\/2025\/08\/top_gol-eng-795x161.png 795w\" sizes=\"auto, (max-width: 2162px) 100vw, 2162px\" \/><\/figure>\n\n\n\n<div class=\"wp-block-columns is-not-stacked-on-mobile has-background is-layout-flex wp-container-core-columns-is-layout-9d6595d7 wp-block-columns-is-layout-flex\" style=\"background-color:#fff5da\">\n<div class=\"wp-block-column is-layout-flow wp-block-column-is-layout-flow\" style=\"flex-basis:33.33%\"><div class=\"wp-block-image is-style-default\">\n<figure class=\"aligncenter size-full\"><img loading=\"lazy\" decoding=\"async\" width=\"722\" height=\"990\" src=\"http:\/\/www.crimt.net\/wp-content\/uploads\/2023\/04\/Photo-gigapixel-standard-scale-2_00x.png\" alt=\"\" class=\"wp-image-15823\" srcset=\"https:\/\/www.crimt.net\/wp-content\/uploads\/2023\/04\/Photo-gigapixel-standard-scale-2_00x.png 722w, https:\/\/www.crimt.net\/wp-content\/uploads\/2023\/04\/Photo-gigapixel-standard-scale-2_00x-219x300.png 219w\" sizes=\"auto, (max-width: 722px) 100vw, 722px\" \/><\/figure>\n<\/div>\n\n\n<div style=\"height:15px\" aria-hidden=\"true\" class=\"wp-block-spacer\"><\/div>\n\n\n<p class=\"fonts-plugin-block \" style=\"font-size: 16px;color: #ff6900\"><a href=\"https:\/\/www.crimt.net\/en\/la-bourse-shirley-goldenberg\/\"><span style=\"text-decoration: underline\">Home page<\/span><\/a><br><span style=\"text-decoration: underline\"><a href=\"https:\/\/www.crimt.net\/en\/la-bourse-shirley-goldenberg-lancement\/\">Scholarship launch<\/a><\/span><br><span style=\"text-decoration: underline\"><a href=\"https:\/\/www.crimt.net\/en\/21643-2\/\"><strong>Video Tribute<\/strong><\/a><\/span> (<strong>* NEW<\/strong>)<br><span style=\"text-decoration: underline\"><a href=\"http:\/\/www.crimt.net\/Files\/Shirley-Goldenberg_CRIMT_Scholarship_Fund_Donation_Form.pdf\" target=\"_blank\" rel=\"noreferrer noopener\">Support this initiative<\/a><\/span><br><span style=\"text-decoration: underline\"><a href=\"https:\/\/www.crimt.net\/en\/la-bourse-shirley-goldenberg-donateurs\/\">A recognition of supporters<\/a><\/span><br><span style=\"text-decoration: underline\"><a href=\"https:\/\/www.crimt.net\/en\/la-bourse-shirley-goldenberg-recipiendaires\/\">Scholarship recipients<\/a><\/span><br><br><\/p><\/div>\n\n\n\n<div class=\"wp-block-column is-layout-flow wp-block-column-is-layout-flow\" style=\"flex-basis:76%\">\n<div style=\"height:15px\" aria-hidden=\"true\" class=\"wp-block-spacer\"><\/div>\n\n\n<p class=\"fonts-plugin-block \" style=\"font-family: arial;font-size: 17px;line-height: 1.4;color: #000000\">As the first woman scholar in the field of industrial relations in Canada,\u00a0<strong>Shirley Goldenberg<\/strong>\u00a0is undoubtedly the pioneer in terms of establishing the legitimacy of women&#8217;s presence in this field of study. She has devoted her professional life to an improved understanding of all aspects of work and employment. Considering the era in which she accomplished so much, her achievements as a full professor, researcher and author are outstanding. This is all the more remarkable given her commitment as a caregiver to her family.\u00a0<br><br>The\u00a0<strong>Shirley Goldenberg Scholarship<\/strong>\u00a0will support<a href=\"http:\/\/www.crimt.org\/Goldenberg\/Bloc1.jpg\"><\/a>\u00a0full-time graduate students in Canadian universities whose masters&#8217; or doctoral dissertations involve cutting-edge research on major trends in work and employment, with a particular focus on the public policy implications, and whose work is integrated into the research program of the\u00a0<em>Interuniversity Research Centre on Globalization and Work<\/em>. The research should promise to make an exceptional contribution to our understanding of how the policies and practices of organizations, companies, trade unions or governments might make work better.<\/p>\n\n<p class=\"fonts-plugin-block \" style=\"font-size: 18px;line-height: 1.4;color: #ff6900\"><strong><a rel=\"noreferrer noopener\" href=\"http:\/\/www.crimt.net\/Files\/Shirley-Goldenberg_CRIMT_Scholarship_Fund_Donation_Form.pdf\" target=\"_blank\"><span class=\"has-inline-color has-luminous-vivid-orange-color\"><span style=\"text-decoration: underline\">To learn more about how to support this scholarship initiative<\/span><\/span><\/a><\/strong><\/p>\n\n<p class=\"fonts-plugin-block \" style=\"font-family: arial;font-size: 16px;line-height: 1.2;color: #000000\"><br>Better work is a key for constructing better societies. This is exactly the concern that inspired Shirley Goldenberg throughout her career and why we take such pleasure in launching this scholarship initiative in her honour.\u00a0<strong>CRIMT<\/strong>\u00a0is the French-language acronym for the Interuniversity Research Centre on Globalization and Work (Centre de recherche interuniversitaire sur la mondialisation et le travail). CRIMT is an interdisciplinary and interuniversity research centre seeking to build knowledge on how to make work better. Based at Universit\u00e9 de Montr\u00e9al, Universit\u00e9 Laval and HEC Montr\u00e9al (its three partner institutions), CRIMT brings together more than 150 co-researchers located in 23 Canadian universities (including McGill, UQAM, Queen&#8217;s, UoT, York, Guelph, Western, SFU, UVic) and 44 institutions and universities overseas. The CRIMT research program provides an environment for leading international research and training in industrial relations, human resource management, labour law, labour studies, geography, sociology, economics, politics and management.<\/p><\/div>\n<\/div>\n","protected":false},"excerpt":{"rendered":"","protected":false},"author":1,"featured_media":0,"parent":0,"menu_order":0,"comment_status":"closed","ping_status":"closed","template":"page-templates\/template_fullwidth.php","meta":{"footnotes":""},"class_list":["post-15973","page","type-page","status-publish","hentry"],"_links":{"self":[{"href":"https:\/\/www.crimt.net\/en\/wp-json\/wp\/v2\/pages\/15973","targetHints":{"allow":["GET"]}}],"collection":[{"href":"https:\/\/www.crimt.net\/en\/wp-json\/wp\/v2\/pages"}],"about":[{"href":"https:\/\/www.crimt.net\/en\/wp-json\/wp\/v2\/types\/page"}],"author":[{"embeddable":true,"href":"https:\/\/www.crimt.net\/en\/wp-json\/wp\/v2\/users\/1"}],"replies":[{"embeddable":true,"href":"https:\/\/www.crimt.net\/en\/wp-json\/wp\/v2\/comments?post=15973"}],"version-history":[{"count":20,"href":"https:\/\/www.crimt.net\/en\/wp-json\/wp\/v2\/pages\/15973\/revisions"}],"predecessor-version":[{"id":22021,"href":"https:\/\/www.crimt.net\/en\/wp-json\/wp\/v2\/pages\/15973\/revisions\/22021"}],"wp:attachment":[{"href":"https:\/\/www.crimt.net\/en\/wp-json\/wp\/v2\/media?parent=15973"}],"curies":[{"name":"wp","href":"https:\/\/api.w.org\/{rel}","templated":true}]}}