{"id":6298,"date":"2020-09-28T14:40:39","date_gmt":"2020-09-28T14:40:39","guid":{"rendered":"http:\/\/www.crimt.net\/a-propos\/"},"modified":"2024-09-26T17:08:39","modified_gmt":"2024-09-26T17:08:39","slug":"a-propos","status":"publish","type":"page","link":"https:\/\/www.crimt.net\/en\/a-propos\/","title":{"rendered":"About Us"},"content":{"rendered":"\n<div style=\"height:20px\" aria-hidden=\"true\" class=\"wp-block-spacer\"><\/div>\n\n\n\n<div class=\"wp-block-columns is-layout-flex wp-container-core-columns-is-layout-9d6595d7 wp-block-columns-is-layout-flex\">\n<div class=\"wp-block-column is-layout-flow wp-block-column-is-layout-flow\" style=\"flex-basis:25%\">\n<figure class=\"wp-block-image size-large is-resized is-style-default\"><img loading=\"lazy\" decoding=\"async\" src=\"http:\/\/www.crimt.net\/wp-content\/uploads\/2020\/10\/CRIMT_CREST_Color_Minimal-2-1024x1020.jpg\" alt=\"\" class=\"wp-image-4353\" width=\"330\" height=\"329\" srcset=\"https:\/\/www.crimt.net\/wp-content\/uploads\/2020\/10\/CRIMT_CREST_Color_Minimal-2-1024x1020.jpg 1024w, https:\/\/www.crimt.net\/wp-content\/uploads\/2020\/10\/CRIMT_CREST_Color_Minimal-2-300x300.jpg 300w, https:\/\/www.crimt.net\/wp-content\/uploads\/2020\/10\/CRIMT_CREST_Color_Minimal-2-150x150.jpg 150w, https:\/\/www.crimt.net\/wp-content\/uploads\/2020\/10\/CRIMT_CREST_Color_Minimal-2-768x765.jpg 768w, https:\/\/www.crimt.net\/wp-content\/uploads\/2020\/10\/CRIMT_CREST_Color_Minimal-2-795x792.jpg 795w, https:\/\/www.crimt.net\/wp-content\/uploads\/2020\/10\/CRIMT_CREST_Color_Minimal-2-360x360.jpg 360w, https:\/\/www.crimt.net\/wp-content\/uploads\/2020\/10\/CRIMT_CREST_Color_Minimal-2.jpg 1167w\" sizes=\"auto, (max-width: 330px) 100vw, 330px\" \/><\/figure>\n<\/div>\n\n\n\n<div class=\"wp-block-column is-layout-flow wp-block-column-is-layout-flow\" style=\"flex-basis:80%\"><p class=\"fonts-plugin-block \" style=\"font-family: Encode Sans Semi Expanded;font-size: 24px;color: #000000\"><br>The <strong>Interuniversity Research Centre on Globalization and Work<\/strong> (CRIMT) is focused on the theoretical and practical challenges associated with changes in work and employment. This center is referred to by its acronym (CRIMT) in both French and English.<\/p><\/div>\n<\/div>\n\n\n\n<div style=\"height:20px\" aria-hidden=\"true\" class=\"wp-block-spacer\"><\/div>\n\n\n\n<p class=\"has-text-align-left\" style=\"font-size:30px\"><strong><span style=\"color:#ede4ce\" class=\"has-inline-color\">An International Centre<\/span><\/strong><\/p>\n\n\n\n<div style=\"height:20px\" aria-hidden=\"true\" class=\"wp-block-spacer\"><\/div>\n\n\n<p class=\"fonts-plugin-block \" style=\"font-family: Encode Sans Semi Expanded;font-size: 20px;line-height: 1.5;color: #000000\"><a href=\"https:\/\/www.crimt.net\/en\/historique\/\"><span style=\"text-decoration: underline\">Established in 2002<\/span><\/a>, CRIMT brings together <strong>184<\/strong> <a href=\"https:\/\/www.crimt.net\/en\/cochercheur-euse-s\/\"><span style=\"text-decoration: underline\">specialists<\/span><\/a> in industrial and labour relations, labour and employment policies, human resource management, labour law and geography, including <strong>52<\/strong> in Quebec, <strong>16<\/strong> in the rest of Canada and <strong>116<\/strong> in a dozen other countries. Its three founding institutions are the University of Montr\u00e9al, Universit\u00e9 Laval and HEC Montr\u00e9al.<\/p>\n\n\n<div style=\"height:20px\" aria-hidden=\"true\" class=\"wp-block-spacer\"><\/div>\n\n\n\n<p class=\"has-text-align-left\" style=\"font-size:30px\"><strong><span style=\"color:#ede4ce\" class=\"has-inline-color\">A<\/span><\/strong><span class=\"has-inline-color has-black-color\"> <\/span><strong><span style=\"color:#ede4ce\" class=\"has-inline-color\">Unique<\/span><\/strong> <strong><span style=\"color:#ede4ce\" class=\"has-inline-color\">Partnership<\/span><\/strong><\/p>\n\n\n\n<div style=\"height:20px\" aria-hidden=\"true\" class=\"wp-block-spacer\"><\/div>\n\n\n<p class=\"fonts-plugin-block \" style=\"font-size: 20px;line-height: 1.5;color: #000000\">Our <a href=\"https:\/\/www.crimt.net\/en\/axes-de-recherche\/\"><span style=\"text-decoration: underline\">research program<\/span><\/a> is enriched by an International Partnership of <strong>19<\/strong> <a href=\"https:\/\/www.crimt.net\/en\/centres-partenaires\/\"><span style=\"text-decoration: underline\">world-class research centres and institutes<\/span><\/a> at the crossroads of several disciplines, research traditions and themes. <\/p>\n\n<p class=\"fonts-plugin-block \" style=\"font-size: 20px;line-height: 1.5;color: #000000\">It focuses on organizational and institutional experimentation in an era of digitalization, health and climate crisis, fissured workplaces, global production networks, state transformations and shifting identities, values and solidarity. These are all fault lines of change that are shaking up the world of work and giving rise to various forms of experimentation.<\/p>\n\n<p class=\"fonts-plugin-block \" style=\"font-size: 20px;line-height: 1.5;color: #000000\">Piloted from Quebec according to the orientations set by a <a href=\"https:\/\/www.crimt.net\/en\/gouvernance-2\/\"><span style=\"text-decoration: underline\">Partner Board<\/span><\/a>, this vast multi-year project aims to better understand how &#8211; in a context of great uncertainty &#8211; social actors are experimenting with new modes of organization and seeking to institutionalize them in new interpretations, norms and rules, while &#8211; at the same time &#8211; addressing the reasons why these processes sometimes lead to better or worse work. It is from these processes of experimentation that the new contours of work will emerge and, thanks to the integration of these experiments, hopefully better work.<\/p>\n\n\n<div style=\"height:30px\" aria-hidden=\"true\" class=\"wp-block-spacer\"><\/div>\n\n\n\n<figure class=\"wp-block-image size-full\"><img loading=\"lazy\" decoding=\"async\" width=\"1500\" height=\"590\" src=\"https:\/\/www.crimt.net\/wp-content\/uploads\/2024\/09\/Partenaires11.png\" alt=\"\" class=\"wp-image-17967\" srcset=\"https:\/\/www.crimt.net\/wp-content\/uploads\/2024\/09\/Partenaires11.png 1500w, https:\/\/www.crimt.net\/wp-content\/uploads\/2024\/09\/Partenaires11-300x118.png 300w, https:\/\/www.crimt.net\/wp-content\/uploads\/2024\/09\/Partenaires11-1024x403.png 1024w, https:\/\/www.crimt.net\/wp-content\/uploads\/2024\/09\/Partenaires11-768x302.png 768w, https:\/\/www.crimt.net\/wp-content\/uploads\/2024\/09\/Partenaires11-795x313.png 795w\" sizes=\"auto, (max-width: 1500px) 100vw, 1500px\" \/><\/figure>\n\n\n\n<div style=\"height:20px\" aria-hidden=\"true\" class=\"wp-block-spacer\"><\/div>\n\n\n\n<p class=\"has-text-align-left\" style=\"font-size:30px\"><strong><span style=\"color:#ede4ce\" class=\"has-inline-color\">Multiple Sources<\/span><\/strong><span class=\"has-inline-color has-black-color\"> <\/span><strong><span style=\"color:#ede4ce\" class=\"has-inline-color\">of Funding<\/span><\/strong><\/p>\n\n\n\n<div style=\"height:20px\" aria-hidden=\"true\" class=\"wp-block-spacer\"><\/div>\n\n\n<p class=\"fonts-plugin-block \" style=\"font-size: 20px;line-height: 1.5;color: #000000\">A project of this scale requires significant material and financial resources. In addition to the support provided by its three founding institutions, CRIMT receives funding as a Centre under the <em>Strategic Clusters Program<\/em> of the <a rel=\"noreferrer noopener\" href=\"http:\/\/www.frqsc.gouv.qc.ca\" target=\"_blank\"><span class=\"has-inline-color has-black-color\"><span style=\"text-decoration: underline\">Fonds de recherche du Qu\u00e9bec &#8211; Soci\u00e9t\u00e9 et culture<\/span><\/span><\/a> (FRQ-SC), the <a rel=\"noreferrer noopener\" href=\"https:\/\/www.sshrc-crsh.gc.ca\/home-accueil-eng.aspx\" target=\"_blank\"><span class=\"has-inline-color has-black-color\"><span style=\"text-decoration: underline\">Social Sciences and Humanities Research Council of Canada<\/span><\/span><\/a> (SSHRC) <em>Partnership Program<\/em> and the <a rel=\"noreferrer noopener\" href=\"https:\/\/www.innovation.ca\" target=\"_blank\"><span class=\"has-inline-color has-black-color\"><span style=\"text-decoration: underline\">Canada Foundation for Innovation<\/span><\/span><\/a> (CFI) <em>John R. Evans Leaders Opportunity Fund<\/em>. Each partner centre or institute also contributes its own resources to the project.<\/p>\n\n\n<div style=\"height:40px\" aria-hidden=\"true\" class=\"wp-block-spacer\"><\/div>\n\n\n\n<div class=\"wp-block-image\"><figure class=\"alignleft size-full is-resized\"><img loading=\"lazy\" decoding=\"async\" src=\"https:\/\/www.crimt.net\/wp-content\/uploads\/2024\/09\/FRQ-CL.png\" alt=\"\" class=\"wp-image-17970\" width=\"440\" height=\"159\" srcset=\"https:\/\/www.crimt.net\/wp-content\/uploads\/2024\/09\/FRQ-CL.png 880w, https:\/\/www.crimt.net\/wp-content\/uploads\/2024\/09\/FRQ-CL-300x108.png 300w, https:\/\/www.crimt.net\/wp-content\/uploads\/2024\/09\/FRQ-CL-768x278.png 768w, https:\/\/www.crimt.net\/wp-content\/uploads\/2024\/09\/FRQ-CL-795x287.png 795w\" sizes=\"auto, (max-width: 440px) 100vw, 440px\" \/><\/figure><\/div>\n\n\n\n<div style=\"height:50px\" aria-hidden=\"true\" class=\"wp-block-spacer\"><\/div>\n\n\n\n<div class=\"wp-block-image\"><figure class=\"alignleft size-full\"><img loading=\"lazy\" decoding=\"async\" width=\"3840\" height=\"485\" src=\"https:\/\/www.crimt.net\/wp-content\/uploads\/2024\/09\/CRSH.png\" alt=\"\" class=\"wp-image-17974\" srcset=\"https:\/\/www.crimt.net\/wp-content\/uploads\/2024\/09\/CRSH.png 3840w, https:\/\/www.crimt.net\/wp-content\/uploads\/2024\/09\/CRSH-300x38.png 300w, https:\/\/www.crimt.net\/wp-content\/uploads\/2024\/09\/CRSH-1024x129.png 1024w, https:\/\/www.crimt.net\/wp-content\/uploads\/2024\/09\/CRSH-768x97.png 768w, https:\/\/www.crimt.net\/wp-content\/uploads\/2024\/09\/CRSH-1536x194.png 1536w, https:\/\/www.crimt.net\/wp-content\/uploads\/2024\/09\/CRSH-2048x259.png 2048w, https:\/\/www.crimt.net\/wp-content\/uploads\/2024\/09\/CRSH-795x100.png 795w\" sizes=\"auto, (max-width: 3840px) 100vw, 3840px\" \/><\/figure><\/div>\n\n\n\n<div style=\"height:68px\" aria-hidden=\"true\" class=\"wp-block-spacer\"><\/div>\n\n\n\n<div class=\"wp-block-image\"><figure class=\"alignleft size-large is-resized\"><img loading=\"lazy\" decoding=\"async\" src=\"http:\/\/www.crimt.net\/wp-content\/uploads\/2020\/10\/FCI3.png\" alt=\"\" class=\"wp-image-4347\" width=\"276\" height=\"65\" srcset=\"https:\/\/www.crimt.net\/wp-content\/uploads\/2020\/10\/FCI3.png 1012w, https:\/\/www.crimt.net\/wp-content\/uploads\/2020\/10\/FCI3-300x71.png 300w, https:\/\/www.crimt.net\/wp-content\/uploads\/2020\/10\/FCI3-768x182.png 768w, https:\/\/www.crimt.net\/wp-content\/uploads\/2020\/10\/FCI3-795x189.png 795w\" sizes=\"auto, (max-width: 276px) 100vw, 276px\" \/><\/figure><\/div>\n\n\n\n<div style=\"height:100px\" aria-hidden=\"true\" class=\"wp-block-spacer\"><\/div>\n","protected":false},"excerpt":{"rendered":"<p>An International Centre A Unique [&hellip;]<\/p>\n","protected":false},"author":1,"featured_media":0,"parent":0,"menu_order":0,"comment_status":"closed","ping_status":"closed","template":"page-templates\/template_fullwidth.php","meta":{"footnotes":""},"class_list":["post-6298","page","type-page","status-publish","hentry"],"_links":{"self":[{"href":"https:\/\/www.crimt.net\/en\/wp-json\/wp\/v2\/pages\/6298","targetHints":{"allow":["GET"]}}],"collection":[{"href":"https:\/\/www.crimt.net\/en\/wp-json\/wp\/v2\/pages"}],"about":[{"href":"https:\/\/www.crimt.net\/en\/wp-json\/wp\/v2\/types\/page"}],"author":[{"embeddable":true,"href":"https:\/\/www.crimt.net\/en\/wp-json\/wp\/v2\/users\/1"}],"replies":[{"embeddable":true,"href":"https:\/\/www.crimt.net\/en\/wp-json\/wp\/v2\/comments?post=6298"}],"version-history":[{"count":41,"href":"https:\/\/www.crimt.net\/en\/wp-json\/wp\/v2\/pages\/6298\/revisions"}],"predecessor-version":[{"id":17979,"href":"https:\/\/www.crimt.net\/en\/wp-json\/wp\/v2\/pages\/6298\/revisions\/17979"}],"wp:attachment":[{"href":"https:\/\/www.crimt.net\/en\/wp-json\/wp\/v2\/media?parent=6298"}],"curies":[{"name":"wp","href":"https:\/\/api.w.org\/{rel}","templated":true}]}}