{"id":8618,"date":"2020-09-28T14:40:40","date_gmt":"2020-09-28T14:40:40","guid":{"rendered":"http:\/\/www.crimt.net\/gouvernance-2\/"},"modified":"2024-02-09T15:42:40","modified_gmt":"2024-02-09T15:42:40","slug":"gouvernance-2","status":"publish","type":"page","link":"https:\/\/www.crimt.net\/en\/gouvernance-2\/","title":{"rendered":"Partnership governance"},"content":{"rendered":"\n<div style=\"height:40px\" aria-hidden=\"true\" class=\"wp-block-spacer\"><\/div>\n\n\n<p class=\"fonts-plugin-block \" style=\"font-size: 19px;line-height: 1.5\">As part of its Partnership Project (funded by the Social Sciences and Humanities Research Council of Canada), CRIMT&#8217;s governing bodies interact with a <strong>Partner Board<\/strong> (composed of CRIMT researchers in Quebec and outside of Quebec), as well as an <strong>Executive Committee<\/strong>. <\/p>\n\n\n<div style=\"height:20px\" aria-hidden=\"true\" class=\"wp-block-spacer\"><\/div>\n\n\n<p class=\"fonts-plugin-block \" style=\"font-size: 30px;line-height: 1.5;color: #ede4ce\"><strong>Partner Board<\/strong><\/p>\n\n\n<div style=\"height:20px\" aria-hidden=\"true\" class=\"wp-block-spacer\"><\/div>\n\n\n<p class=\"fonts-plugin-block \" style=\"font-size: 19px;line-height: 1.5\">The key decisional body for the CRIMT Partnership Project is the\u00a0<strong>Partner Board<\/strong>, which is made up of a representative from each of the <a rel=\"noreferrer noopener\" href=\"https:\/\/www.crimt.net\/en\/centres-partenaires\/\" target=\"_blank\"><span class=\"has-inline-color has-black-color\"><span style=\"text-decoration: underline\">Partner Centres<\/span><\/span><\/a> and two representatives from the\u00a0<a rel=\"noreferrer noopener\" href=\"https:\/\/www.crimt.net\/en\/gouvernance\/\" target=\"_blank\"><span class=\"has-inline-color has-black-color\"><span style=\"text-decoration: underline\">Graduate Student Consortium<\/span><\/span><\/a>. Members of the Partner Board are designated by the Partner Centres according to their internal governance arrangements. Ex officio representatives include the chair (the Universit\u00e9 de Montr\u00e9al Project Director, Gregor Murray) and co-chair (the project co-director, Christian L\u00e9vesque from HEC Montr\u00e9al). Other ex officio representatives are drawn from\u00a0<a rel=\"noreferrer noopener\" href=\"https:\/\/www.crimt.net\/en\/centres-partenaires\/\" target=\"_blank\"><span class=\"has-inline-color has-black-color\"><span style=\"text-decoration: underline\">Advisory Committees<\/span><\/span><\/a>, the <a rel=\"noreferrer noopener\" href=\"https:\/\/www.crimt.net\/en\/centres-partenaires\/\" target=\"_blank\"><span class=\"has-inline-color has-black-color\"><span style=\"text-decoration: underline\">Steering Committee<\/span><\/span><\/a> and\u00a0<a rel=\"noreferrer noopener\" href=\"https:\/\/www.crimt.net\/en\/professionel-le-s\/\" target=\"_blank\"><span class=\"has-inline-color has-black-color\"><span style=\"text-decoration: underline\">CRIMT professional staff<\/span><\/span><\/a> from the Management Committee.\u00a0<\/p>\n\n<p class=\"fonts-plugin-block \" style=\"font-size: 19px;line-height: 1.5\">The\u00a0Partner Board\u00a0meets virtually or physically once or twice a year, around <a rel=\"noreferrer noopener\" href=\"https:\/\/www.crimt.net\/en\/rencontres-de-projet\/\" target=\"_blank\"><span class=\"has-inline-color has-black-color\"><span style=\"text-decoration: underline\">full-team meetings<\/span><\/span><\/a> and <a rel=\"noreferrer noopener\" href=\"https:\/\/www.crimt.net\/en\/colloques\/\" target=\"_blank\"><span class=\"has-inline-color has-black-color\"><span style=\"text-decoration: underline\">international conferences<\/span><\/span><\/a>, ensuring the involvement of all Partner Centres in decision-making. It designates membership of key\u00a0<a rel=\"noreferrer noopener\" href=\"https:\/\/www.crimt.net\/en\/centres-partenaires\/\" target=\"_blank\"><span class=\"has-inline-color has-black-color\"><span style=\"text-decoration: underline\">Standing Committees<\/span><\/span><\/a>\u00a0on specific mandates (methodology, knowledge transfer, ethics, student funding). The Partner Board makes decisions on the main guidelines and orientations for the Project, including resource allocation. The Executive Committee and the Management Committee can make recommendations to the Partner Board.<\/p>\n\n\n<div style=\"height:20px\" aria-hidden=\"true\" class=\"wp-block-spacer\"><\/div>\n\n\n<p class=\"fonts-plugin-block \" style=\"font-size: 30px;line-height: 1.5;color: #ede4ce\"><strong>Executive Committee<\/strong><\/p>\n\n\n<div style=\"height:20px\" aria-hidden=\"true\" class=\"wp-block-spacer\"><\/div>\n\n\n<p class=\"fonts-plugin-block \" style=\"font-size: 19px;line-height: 1.5\">The\u00a0<strong>Executive Committee<\/strong>\u00a0consists of the CRIMT and Partnership Project director and co-director, four Partner Centre representatives from three different geographical regions chosen by the Partner Board, and, ex officio, the professional staff assigned to the project. The Partner Board designates the Partner Board representatives on the Executive Committee for a mandate of two years. The Executive Committee meets a minimum of three times a year.<\/p>\n\n<p class=\"fonts-plugin-block \" style=\"font-size: 19px;line-height: 1.5;color: #000000\">CRIMT&#8217;s <a rel=\"noreferrer noopener\" href=\"https:\/\/www.crimt.net\/en\/gouvernance\/\" target=\"_blank\"><span style=\"text-decoration: underline\">Management Committee<\/span><\/a>, which is made up of the CRIMT and Partnership Director and Co-director and the coordinating staff including the Project Coordinator (Nicolas Roby) and the Activity Coordinator (Marjorie Gionest-Larouche), ensures the daily operation of the Project.<\/p>\n\n\n<p><\/p>\n","protected":false},"excerpt":{"rendered":"","protected":false},"author":1,"featured_media":0,"parent":0,"menu_order":0,"comment_status":"closed","ping_status":"closed","template":"page-templates\/template_fullwidth.php","meta":{"footnotes":""},"class_list":["post-8618","page","type-page","status-publish","hentry"],"_links":{"self":[{"href":"https:\/\/www.crimt.net\/en\/wp-json\/wp\/v2\/pages\/8618","targetHints":{"allow":["GET"]}}],"collection":[{"href":"https:\/\/www.crimt.net\/en\/wp-json\/wp\/v2\/pages"}],"about":[{"href":"https:\/\/www.crimt.net\/en\/wp-json\/wp\/v2\/types\/page"}],"author":[{"embeddable":true,"href":"https:\/\/www.crimt.net\/en\/wp-json\/wp\/v2\/users\/1"}],"replies":[{"embeddable":true,"href":"https:\/\/www.crimt.net\/en\/wp-json\/wp\/v2\/comments?post=8618"}],"version-history":[{"count":12,"href":"https:\/\/www.crimt.net\/en\/wp-json\/wp\/v2\/pages\/8618\/revisions"}],"predecessor-version":[{"id":16780,"href":"https:\/\/www.crimt.net\/en\/wp-json\/wp\/v2\/pages\/8618\/revisions\/16780"}],"wp:attachment":[{"href":"https:\/\/www.crimt.net\/en\/wp-json\/wp\/v2\/media?parent=8618"}],"curies":[{"name":"wp","href":"https:\/\/api.w.org\/{rel}","templated":true}]}}